{"id":1780,"date":"2025-03-01T12:23:47","date_gmt":"2025-03-01T12:23:47","guid":{"rendered":"https:\/\/residenzalucapacioli.it\/historia\/"},"modified":"2025-04-10T10:45:13","modified_gmt":"2025-04-10T10:45:13","slug":"historia","status":"publish","type":"page","link":"https:\/\/residenzalucapacioli.it\/es\/historia\/","title":{"rendered":"Historia"},"content":{"rendered":"\t\t<div data-elementor-type=\"wp-page\" data-elementor-id=\"1780\" class=\"elementor elementor-1780 elementor-829\">\n\t\t\t\t\t\t<section class=\"elementor-section elementor-top-section elementor-element elementor-element-64c8324 elementor-section-height-min-height elementor-section-boxed elementor-section-height-default elementor-section-items-middle\" data-id=\"64c8324\" data-element_type=\"section\" data-e-type=\"section\" data-settings=\"{&quot;background_background&quot;:&quot;classic&quot;}\">\n\t\t\t\t\t\t\t<div class=\"elementor-background-overlay\"><\/div>\n\t\t\t\t\t\t\t<div class=\"elementor-container elementor-column-gap-default\">\n\t\t\t\t\t<div class=\"elementor-column elementor-col-100 elementor-top-column elementor-element elementor-element-e86735e\" data-id=\"e86735e\" data-element_type=\"column\" data-e-type=\"column\">\n\t\t\t<div class=\"elementor-widget-wrap elementor-element-populated\">\n\t\t\t\t\t\t<div class=\"elementor-element elementor-element-9e3d902 elementor-widget elementor-widget-heading\" data-id=\"9e3d902\" data-element_type=\"widget\" data-e-type=\"widget\" data-widget_type=\"heading.default\">\n\t\t\t\t<div class=\"elementor-widget-container\">\n\t\t\t\t\t<h1 class=\"elementor-heading-title elementor-size-default\">Historia<\/h1>\t\t\t\t<\/div>\n\t\t\t\t<\/div>\n\t\t\t\t\t<\/div>\n\t\t<\/div>\n\t\t\t\t\t<\/div>\n\t\t<\/section>\n\t\t\t\t<section class=\"elementor-section elementor-top-section elementor-element elementor-element-3d666be elementor-section-content-middle elementor-section-boxed elementor-section-height-default elementor-section-height-default\" data-id=\"3d666be\" data-element_type=\"section\" data-e-type=\"section\">\n\t\t\t\t\t\t<div class=\"elementor-container elementor-column-gap-default\">\n\t\t\t\t\t<div class=\"elementor-column elementor-col-50 elementor-top-column elementor-element elementor-element-7a5871e\" data-id=\"7a5871e\" data-element_type=\"column\" data-e-type=\"column\">\n\t\t\t<div class=\"elementor-widget-wrap elementor-element-populated\">\n\t\t\t\t\t\t<div class=\"elementor-element elementor-element-8b888b9 elementor-widget elementor-widget-image\" data-id=\"8b888b9\" data-element_type=\"widget\" data-e-type=\"widget\" data-widget_type=\"image.default\">\n\t\t\t\t<div class=\"elementor-widget-container\">\n\t\t\t\t\t\t\t\t\t\t\t\t\t\t\t<img fetchpriority=\"high\" decoding=\"async\" width=\"768\" height=\"512\" src=\"https:\/\/residenzalucapacioli.it\/wp-content\/uploads\/2025\/03\/Hall_Residenza-Luca-Pacioli-1-768x512.jpg\" class=\"attachment-medium_large size-medium_large wp-image-1698\" alt=\"La hall della Residenza Luca Pacioli a Sansepolcro\" srcset=\"https:\/\/residenzalucapacioli.it\/wp-content\/uploads\/2025\/03\/Hall_Residenza-Luca-Pacioli-1-768x512.jpg 768w, https:\/\/residenzalucapacioli.it\/wp-content\/uploads\/2025\/03\/Hall_Residenza-Luca-Pacioli-1-300x200.jpg 300w, https:\/\/residenzalucapacioli.it\/wp-content\/uploads\/2025\/03\/Hall_Residenza-Luca-Pacioli-1.jpg 900w\" sizes=\"(max-width: 768px) 100vw, 768px\" \/>\t\t\t\t\t\t\t\t\t\t\t\t\t\t\t<\/div>\n\t\t\t\t<\/div>\n\t\t\t\t\t<\/div>\n\t\t<\/div>\n\t\t\t\t<div class=\"elementor-column elementor-col-50 elementor-top-column elementor-element elementor-element-a3784aa\" data-id=\"a3784aa\" data-element_type=\"column\" data-e-type=\"column\">\n\t\t\t<div class=\"elementor-widget-wrap elementor-element-populated\">\n\t\t\t\t\t\t<div class=\"elementor-element elementor-element-a6b23d1 elementor-widget elementor-widget-text-editor\" data-id=\"a6b23d1\" data-element_type=\"widget\" data-e-type=\"widget\" data-widget_type=\"text-editor.default\">\n\t\t\t\t<div class=\"elementor-widget-container\">\n\t\t\t\t\t\t\t\t\t<p>La <strong>Residencia de \u00e9poca Luca Pacioli <\/strong>se encuentra dentro del Palazzo Magi, un edificio hist\u00f3rico de ra\u00edces medievales que ha sido testigo privilegiado de la historia y la evoluci\u00f3n arquitect\u00f3nica de Sansepolcro. El palacio, que en su d\u00eda fue propiedad de la noble familia Palamidessi, sufri\u00f3 una importante transformaci\u00f3n en 1700, cuando pas\u00f3 a manos de la familia Pacchi.<\/p><p>Esta \u00faltima, con gran sensibilidad y sabidur\u00eda, emprendi\u00f3 una reforma total del edificio, que a\u00fan conserva sus magn\u00edficas <strong>decoraciones<\/strong> y <strong>frescos<\/strong> de estilo neocl\u00e1sico, testimonio de una \u00e9poca de gran fervor art\u00edstico y cultural.<\/p>\t\t\t\t\t\t\t\t<\/div>\n\t\t\t\t<\/div>\n\t\t\t\t\t<\/div>\n\t\t<\/div>\n\t\t\t\t\t<\/div>\n\t\t<\/section>\n\t\t\t\t<section class=\"elementor-section elementor-top-section elementor-element elementor-element-564b7e3 elementor-section-content-middle elementor-reverse-mobile elementor-section-boxed elementor-section-height-default elementor-section-height-default\" data-id=\"564b7e3\" data-element_type=\"section\" data-e-type=\"section\">\n\t\t\t\t\t\t<div class=\"elementor-container elementor-column-gap-default\">\n\t\t\t\t\t<div class=\"elementor-column elementor-col-50 elementor-top-column elementor-element elementor-element-527fa9c\" data-id=\"527fa9c\" data-element_type=\"column\" data-e-type=\"column\">\n\t\t\t<div class=\"elementor-widget-wrap elementor-element-populated\">\n\t\t\t\t\t\t<div class=\"elementor-element elementor-element-2ac1ee8 elementor-widget elementor-widget-text-editor\" data-id=\"2ac1ee8\" data-element_type=\"widget\" data-e-type=\"widget\" data-widget_type=\"text-editor.default\">\n\t\t\t\t<div class=\"elementor-widget-container\">\n\t\t\t\t\t\t\t\t\t<p>Un cap\u00edtulo importante en la historia del Palazzo Magi est\u00e1 relacionado con los acontecimientos de 1849, cuando los Pacchi, fervientes partidarios de Giuseppe Mazzini, acogieron entre sus muros a Angelo Brunetti (Ciceruacchio) y a sus hijos, Luigi y Lorenzo, que se refugiaron en el palacio tras la ca\u00edda de la Rep\u00fablica Romana. Este episodio, que marca un momento crucial en la historia del \u00abRisorgimento\u00bb, a\u00f1ade una nueva dimensi\u00f3n a la rica historia del palacio.<\/p><p>Hoy en d\u00eda, la Residencia no es solo un lugar de gran belleza y encanto, sino un <strong>homenaje al c\u00e9lebre Luca Pacioli<\/strong>, gran <strong>matem\u00e1tico y fraile franciscano nacido en Sansepolcro.<\/strong><\/p><p>S\u00edmbolo de una historia fascinante y polifac\u00e9tica, esta residencia combina arte, ciencia y pol\u00edtica en un lugar donde el pasado sigue vivo, dialogando con el presente.<\/p>\t\t\t\t\t\t\t\t<\/div>\n\t\t\t\t<\/div>\n\t\t\t\t\t<\/div>\n\t\t<\/div>\n\t\t\t\t<div class=\"elementor-column elementor-col-50 elementor-top-column elementor-element elementor-element-8b4a451\" data-id=\"8b4a451\" data-element_type=\"column\" data-e-type=\"column\">\n\t\t\t<div class=\"elementor-widget-wrap elementor-element-populated\">\n\t\t\t\t\t\t<div class=\"elementor-element elementor-element-8d11a93 elementor-widget elementor-widget-image\" data-id=\"8d11a93\" data-element_type=\"widget\" data-e-type=\"widget\" data-widget_type=\"image.default\">\n\t\t\t\t<div class=\"elementor-widget-container\">\n\t\t\t\t\t\t\t\t\t\t\t\t\t\t\t<img decoding=\"async\" width=\"900\" height=\"600\" src=\"https:\/\/residenzalucapacioli.it\/wp-content\/uploads\/2025\/03\/Dettaglio-camera.jpg\" class=\"attachment-large size-large wp-image-1748\" alt=\"Gli affreschi nelle camere della Residenza Luca Pacioli a Sansepolcro\" srcset=\"https:\/\/residenzalucapacioli.it\/wp-content\/uploads\/2025\/03\/Dettaglio-camera.jpg 900w, https:\/\/residenzalucapacioli.it\/wp-content\/uploads\/2025\/03\/Dettaglio-camera-300x200.jpg 300w, https:\/\/residenzalucapacioli.it\/wp-content\/uploads\/2025\/03\/Dettaglio-camera-768x512.jpg 768w\" sizes=\"(max-width: 900px) 100vw, 900px\" \/>\t\t\t\t\t\t\t\t\t\t\t\t\t\t\t<\/div>\n\t\t\t\t<\/div>\n\t\t\t\t\t<\/div>\n\t\t<\/div>\n\t\t\t\t\t<\/div>\n\t\t<\/section>\n\t\t\t\t<\/div>\n\t\t","protected":false},"excerpt":{"rendered":"<p>Historia La Residencia de \u00e9poca Luca Pacioli se encuentra dentro del Palazzo Magi, un edificio hist\u00f3rico de ra\u00edces medievales que ha sido testigo privilegiado de la historia y la evoluci\u00f3n arquitect\u00f3nica de Sansepolcro. El palacio, que en su d\u00eda fue propiedad de la noble familia Palamidessi, sufri\u00f3 una importante transformaci\u00f3n en 1700, cuando pas\u00f3 a [&hellip;]<\/p>\n","protected":false},"author":1,"featured_media":1598,"parent":0,"menu_order":0,"comment_status":"closed","ping_status":"closed","template":"elementor_header_footer","meta":{"ocean_post_layout":"","ocean_both_sidebars_style":"","ocean_both_sidebars_content_width":0,"ocean_both_sidebars_sidebars_width":0,"ocean_sidebar":"","ocean_second_sidebar":"","ocean_disable_margins":"enable","ocean_add_body_class":"","ocean_shortcode_before_top_bar":"","ocean_shortcode_after_top_bar":"","ocean_shortcode_before_header":"","ocean_shortcode_after_header":"","ocean_has_shortcode":"","ocean_shortcode_after_title":"","ocean_shortcode_before_footer_widgets":"","ocean_shortcode_after_footer_widgets":"","ocean_shortcode_before_footer_bottom":"","ocean_shortcode_after_footer_bottom":"","ocean_display_top_bar":"default","ocean_display_header":"default","ocean_header_style":"","ocean_center_header_left_menu":"","ocean_custom_header_template":"","ocean_custom_logo":0,"ocean_custom_retina_logo":0,"ocean_custom_logo_max_width":0,"ocean_custom_logo_tablet_max_width":0,"ocean_custom_logo_mobile_max_width":0,"ocean_custom_logo_max_height":0,"ocean_custom_logo_tablet_max_height":0,"ocean_custom_logo_mobile_max_height":0,"ocean_header_custom_menu":"","ocean_menu_typo_font_family":"","ocean_menu_typo_font_subset":"","ocean_menu_typo_font_size":0,"ocean_menu_typo_font_size_tablet":0,"ocean_menu_typo_font_size_mobile":0,"ocean_menu_typo_font_size_unit":"px","ocean_menu_typo_font_weight":"","ocean_menu_typo_font_weight_tablet":"","ocean_menu_typo_font_weight_mobile":"","ocean_menu_typo_transform":"","ocean_menu_typo_transform_tablet":"","ocean_menu_typo_transform_mobile":"","ocean_menu_typo_line_height":0,"ocean_menu_typo_line_height_tablet":0,"ocean_menu_typo_line_height_mobile":0,"ocean_menu_typo_line_height_unit":"","ocean_menu_typo_spacing":0,"ocean_menu_typo_spacing_tablet":0,"ocean_menu_typo_spacing_mobile":0,"ocean_menu_typo_spacing_unit":"","ocean_menu_link_color":"","ocean_menu_link_color_hover":"","ocean_menu_link_color_active":"","ocean_menu_link_background":"","ocean_menu_link_hover_background":"","ocean_menu_link_active_background":"","ocean_menu_social_links_bg":"","ocean_menu_social_hover_links_bg":"","ocean_menu_social_links_color":"","ocean_menu_social_hover_links_color":"","ocean_disable_title":"default","ocean_disable_heading":"default","ocean_post_title":"","ocean_post_subheading":"","ocean_post_title_style":"","ocean_post_title_background_color":"","ocean_post_title_background":0,"ocean_post_title_bg_image_position":"","ocean_post_title_bg_image_attachment":"","ocean_post_title_bg_image_repeat":"","ocean_post_title_bg_image_size":"","ocean_post_title_height":0,"ocean_post_title_bg_overlay":0.5,"ocean_post_title_bg_overlay_color":"","ocean_disable_breadcrumbs":"default","ocean_breadcrumbs_color":"","ocean_breadcrumbs_separator_color":"","ocean_breadcrumbs_links_color":"","ocean_breadcrumbs_links_hover_color":"","ocean_display_footer_widgets":"default","ocean_display_footer_bottom":"default","ocean_custom_footer_template":"","osh_disable_topbar_sticky":"default","osh_disable_header_sticky":"default","osh_sticky_header_style":"default","osh_sticky_header_effect":"","osh_custom_sticky_logo":0,"osh_custom_retina_sticky_logo":0,"osh_custom_sticky_logo_height":0,"osh_background_color":"","osh_links_color":"","osh_links_hover_color":"","osh_links_active_color":"","osh_links_bg_color":"","osh_links_hover_bg_color":"","osh_links_active_bg_color":"","osh_menu_social_links_color":"","osh_menu_social_hover_links_color":"","footnotes":""},"class_list":["post-1780","page","type-page","status-publish","has-post-thumbnail","hentry","entry","has-media"],"yoast_head":"<!-- This site is optimized with the Yoast SEO plugin v27.4 - https:\/\/yoast.com\/product\/yoast-seo-wordpress\/ -->\n<title>Historia - Residenza Luca Pacioli<\/title>\n<meta name=\"robots\" content=\"index, follow, max-snippet:-1, max-image-preview:large, max-video-preview:-1\" \/>\n<link rel=\"canonical\" href=\"https:\/\/residenzalucapacioli.it\/es\/historia\/\" \/>\n<meta property=\"og:locale\" content=\"es_ES\" \/>\n<meta property=\"og:type\" content=\"article\" \/>\n<meta property=\"og:title\" content=\"Historia - Residenza Luca Pacioli\" \/>\n<meta property=\"og:description\" content=\"Historia La Residencia de \u00e9poca Luca Pacioli se encuentra dentro del Palazzo Magi, un edificio hist\u00f3rico de ra\u00edces medievales que ha sido testigo privilegiado de la historia y la evoluci\u00f3n arquitect\u00f3nica de Sansepolcro. El palacio, que en su d\u00eda fue propiedad de la noble familia Palamidessi, sufri\u00f3 una importante transformaci\u00f3n en 1700, cuando pas\u00f3 a [&hellip;]\" \/>\n<meta property=\"og:url\" content=\"https:\/\/residenzalucapacioli.it\/es\/historia\/\" \/>\n<meta property=\"og:site_name\" content=\"Residenza Luca Pacioli\" \/>\n<meta property=\"article:modified_time\" content=\"2025-04-10T10:45:13+00:00\" \/>\n<meta property=\"og:image\" content=\"https:\/\/residenzalucapacioli.it\/wp-content\/uploads\/2025\/03\/Reception_residenza_luca_pacioli.jpg\" \/>\n\t<meta property=\"og:image:width\" content=\"672\" \/>\n\t<meta property=\"og:image:height\" content=\"464\" \/>\n\t<meta property=\"og:image:type\" content=\"image\/jpeg\" \/>\n<meta name=\"twitter:card\" content=\"summary_large_image\" \/>\n<meta name=\"twitter:label1\" content=\"Tiempo de lectura\" \/>\n\t<meta name=\"twitter:data1\" content=\"1 minuto\" \/>\n<script type=\"application\/ld+json\" class=\"yoast-schema-graph\">{\"@context\":\"https:\\\/\\\/schema.org\",\"@graph\":[{\"@type\":\"WebPage\",\"@id\":\"https:\\\/\\\/residenzalucapacioli.it\\\/es\\\/historia\\\/\",\"url\":\"https:\\\/\\\/residenzalucapacioli.it\\\/es\\\/historia\\\/\",\"name\":\"Historia - Residenza Luca Pacioli\",\"isPartOf\":{\"@id\":\"https:\\\/\\\/residenzalucapacioli.it\\\/es\\\/#website\"},\"primaryImageOfPage\":{\"@id\":\"https:\\\/\\\/residenzalucapacioli.it\\\/es\\\/historia\\\/#primaryimage\"},\"image\":{\"@id\":\"https:\\\/\\\/residenzalucapacioli.it\\\/es\\\/historia\\\/#primaryimage\"},\"thumbnailUrl\":\"https:\\\/\\\/residenzalucapacioli.it\\\/wp-content\\\/uploads\\\/2025\\\/03\\\/Reception_residenza_luca_pacioli.jpg\",\"datePublished\":\"2025-03-01T12:23:47+00:00\",\"dateModified\":\"2025-04-10T10:45:13+00:00\",\"breadcrumb\":{\"@id\":\"https:\\\/\\\/residenzalucapacioli.it\\\/es\\\/historia\\\/#breadcrumb\"},\"inLanguage\":\"es\",\"potentialAction\":[{\"@type\":\"ReadAction\",\"target\":[\"https:\\\/\\\/residenzalucapacioli.it\\\/es\\\/historia\\\/\"]}]},{\"@type\":\"ImageObject\",\"inLanguage\":\"es\",\"@id\":\"https:\\\/\\\/residenzalucapacioli.it\\\/es\\\/historia\\\/#primaryimage\",\"url\":\"https:\\\/\\\/residenzalucapacioli.it\\\/wp-content\\\/uploads\\\/2025\\\/03\\\/Reception_residenza_luca_pacioli.jpg\",\"contentUrl\":\"https:\\\/\\\/residenzalucapacioli.it\\\/wp-content\\\/uploads\\\/2025\\\/03\\\/Reception_residenza_luca_pacioli.jpg\",\"width\":672,\"height\":464,\"caption\":\"Reception Residenza Luca Pacioli\"},{\"@type\":\"BreadcrumbList\",\"@id\":\"https:\\\/\\\/residenzalucapacioli.it\\\/es\\\/historia\\\/#breadcrumb\",\"itemListElement\":[{\"@type\":\"ListItem\",\"position\":1,\"name\":\"Home\",\"item\":\"https:\\\/\\\/residenzalucapacioli.it\\\/es\\\/\"},{\"@type\":\"ListItem\",\"position\":2,\"name\":\"Historia\"}]},{\"@type\":\"WebSite\",\"@id\":\"https:\\\/\\\/residenzalucapacioli.it\\\/es\\\/#website\",\"url\":\"https:\\\/\\\/residenzalucapacioli.it\\\/es\\\/\",\"name\":\"Residenza Luca Pacioli\",\"description\":\"Residenza d\u2019epoca nel centro storico di Sansepolcro. Eleganza e charme per un soggiorno esclusivo tra arte, storia e cultura toscana.\",\"publisher\":{\"@id\":\"https:\\\/\\\/residenzalucapacioli.it\\\/es\\\/#organization\"},\"potentialAction\":[{\"@type\":\"SearchAction\",\"target\":{\"@type\":\"EntryPoint\",\"urlTemplate\":\"https:\\\/\\\/residenzalucapacioli.it\\\/es\\\/?s={search_term_string}\"},\"query-input\":{\"@type\":\"PropertyValueSpecification\",\"valueRequired\":true,\"valueName\":\"search_term_string\"}}],\"inLanguage\":\"es\"},{\"@type\":\"Organization\",\"@id\":\"https:\\\/\\\/residenzalucapacioli.it\\\/es\\\/#organization\",\"name\":\"Residenza Luca Pacioli\",\"url\":\"https:\\\/\\\/residenzalucapacioli.it\\\/es\\\/\",\"logo\":{\"@type\":\"ImageObject\",\"inLanguage\":\"es\",\"@id\":\"https:\\\/\\\/residenzalucapacioli.it\\\/es\\\/#\\\/schema\\\/logo\\\/image\\\/\",\"url\":\"https:\\\/\\\/residenzalucapacioli.it\\\/wp-content\\\/uploads\\\/2025\\\/03\\\/Residenza-Luca-Pazioli-solo-logo.png\",\"contentUrl\":\"https:\\\/\\\/residenzalucapacioli.it\\\/wp-content\\\/uploads\\\/2025\\\/03\\\/Residenza-Luca-Pazioli-solo-logo.png\",\"width\":500,\"height\":500,\"caption\":\"Residenza Luca Pacioli\"},\"image\":{\"@id\":\"https:\\\/\\\/residenzalucapacioli.it\\\/es\\\/#\\\/schema\\\/logo\\\/image\\\/\"}}]}<\/script>\n<!-- \/ Yoast SEO plugin. -->","yoast_head_json":{"title":"Historia - Residenza Luca Pacioli","robots":{"index":"index","follow":"follow","max-snippet":"max-snippet:-1","max-image-preview":"max-image-preview:large","max-video-preview":"max-video-preview:-1"},"canonical":"https:\/\/residenzalucapacioli.it\/es\/historia\/","og_locale":"es_ES","og_type":"article","og_title":"Historia - Residenza Luca Pacioli","og_description":"Historia La Residencia de \u00e9poca Luca Pacioli se encuentra dentro del Palazzo Magi, un edificio hist\u00f3rico de ra\u00edces medievales que ha sido testigo privilegiado de la historia y la evoluci\u00f3n arquitect\u00f3nica de Sansepolcro. El palacio, que en su d\u00eda fue propiedad de la noble familia Palamidessi, sufri\u00f3 una importante transformaci\u00f3n en 1700, cuando pas\u00f3 a [&hellip;]","og_url":"https:\/\/residenzalucapacioli.it\/es\/historia\/","og_site_name":"Residenza Luca Pacioli","article_modified_time":"2025-04-10T10:45:13+00:00","og_image":[{"width":672,"height":464,"url":"https:\/\/residenzalucapacioli.it\/wp-content\/uploads\/2025\/03\/Reception_residenza_luca_pacioli.jpg","type":"image\/jpeg"}],"twitter_card":"summary_large_image","twitter_misc":{"Tiempo de lectura":"1 minuto"},"schema":{"@context":"https:\/\/schema.org","@graph":[{"@type":"WebPage","@id":"https:\/\/residenzalucapacioli.it\/es\/historia\/","url":"https:\/\/residenzalucapacioli.it\/es\/historia\/","name":"Historia - Residenza Luca Pacioli","isPartOf":{"@id":"https:\/\/residenzalucapacioli.it\/es\/#website"},"primaryImageOfPage":{"@id":"https:\/\/residenzalucapacioli.it\/es\/historia\/#primaryimage"},"image":{"@id":"https:\/\/residenzalucapacioli.it\/es\/historia\/#primaryimage"},"thumbnailUrl":"https:\/\/residenzalucapacioli.it\/wp-content\/uploads\/2025\/03\/Reception_residenza_luca_pacioli.jpg","datePublished":"2025-03-01T12:23:47+00:00","dateModified":"2025-04-10T10:45:13+00:00","breadcrumb":{"@id":"https:\/\/residenzalucapacioli.it\/es\/historia\/#breadcrumb"},"inLanguage":"es","potentialAction":[{"@type":"ReadAction","target":["https:\/\/residenzalucapacioli.it\/es\/historia\/"]}]},{"@type":"ImageObject","inLanguage":"es","@id":"https:\/\/residenzalucapacioli.it\/es\/historia\/#primaryimage","url":"https:\/\/residenzalucapacioli.it\/wp-content\/uploads\/2025\/03\/Reception_residenza_luca_pacioli.jpg","contentUrl":"https:\/\/residenzalucapacioli.it\/wp-content\/uploads\/2025\/03\/Reception_residenza_luca_pacioli.jpg","width":672,"height":464,"caption":"Reception Residenza Luca Pacioli"},{"@type":"BreadcrumbList","@id":"https:\/\/residenzalucapacioli.it\/es\/historia\/#breadcrumb","itemListElement":[{"@type":"ListItem","position":1,"name":"Home","item":"https:\/\/residenzalucapacioli.it\/es\/"},{"@type":"ListItem","position":2,"name":"Historia"}]},{"@type":"WebSite","@id":"https:\/\/residenzalucapacioli.it\/es\/#website","url":"https:\/\/residenzalucapacioli.it\/es\/","name":"Residenza Luca Pacioli","description":"Residenza d\u2019epoca nel centro storico di Sansepolcro. Eleganza e charme per un soggiorno esclusivo tra arte, storia e cultura toscana.","publisher":{"@id":"https:\/\/residenzalucapacioli.it\/es\/#organization"},"potentialAction":[{"@type":"SearchAction","target":{"@type":"EntryPoint","urlTemplate":"https:\/\/residenzalucapacioli.it\/es\/?s={search_term_string}"},"query-input":{"@type":"PropertyValueSpecification","valueRequired":true,"valueName":"search_term_string"}}],"inLanguage":"es"},{"@type":"Organization","@id":"https:\/\/residenzalucapacioli.it\/es\/#organization","name":"Residenza Luca Pacioli","url":"https:\/\/residenzalucapacioli.it\/es\/","logo":{"@type":"ImageObject","inLanguage":"es","@id":"https:\/\/residenzalucapacioli.it\/es\/#\/schema\/logo\/image\/","url":"https:\/\/residenzalucapacioli.it\/wp-content\/uploads\/2025\/03\/Residenza-Luca-Pazioli-solo-logo.png","contentUrl":"https:\/\/residenzalucapacioli.it\/wp-content\/uploads\/2025\/03\/Residenza-Luca-Pazioli-solo-logo.png","width":500,"height":500,"caption":"Residenza Luca Pacioli"},"image":{"@id":"https:\/\/residenzalucapacioli.it\/es\/#\/schema\/logo\/image\/"}}]}},"_links":{"self":[{"href":"https:\/\/residenzalucapacioli.it\/es\/wp-json\/wp\/v2\/pages\/1780","targetHints":{"allow":["GET"]}}],"collection":[{"href":"https:\/\/residenzalucapacioli.it\/es\/wp-json\/wp\/v2\/pages"}],"about":[{"href":"https:\/\/residenzalucapacioli.it\/es\/wp-json\/wp\/v2\/types\/page"}],"author":[{"embeddable":true,"href":"https:\/\/residenzalucapacioli.it\/es\/wp-json\/wp\/v2\/users\/1"}],"replies":[{"embeddable":true,"href":"https:\/\/residenzalucapacioli.it\/es\/wp-json\/wp\/v2\/comments?post=1780"}],"version-history":[{"count":2,"href":"https:\/\/residenzalucapacioli.it\/es\/wp-json\/wp\/v2\/pages\/1780\/revisions"}],"predecessor-version":[{"id":1943,"href":"https:\/\/residenzalucapacioli.it\/es\/wp-json\/wp\/v2\/pages\/1780\/revisions\/1943"}],"wp:featuredmedia":[{"embeddable":true,"href":"https:\/\/residenzalucapacioli.it\/es\/wp-json\/wp\/v2\/media\/1598"}],"wp:attachment":[{"href":"https:\/\/residenzalucapacioli.it\/es\/wp-json\/wp\/v2\/media?parent=1780"}],"curies":[{"name":"wp","href":"https:\/\/api.w.org\/{rel}","templated":true}]}}